{"id":1848,"date":"2024-06-28T05:11:18","date_gmt":"2024-06-28T05:11:18","guid":{"rendered":"https:\/\/web.udriveautosiskola.hu\/?page_id=1848"},"modified":"2024-07-04T07:41:30","modified_gmt":"2024-07-04T07:41:30","slug":"gyakorlo-vezetes-jogositvanyosoknak","status":"publish","type":"page","link":"https:\/\/udriveautosiskola.hu\/en\/gyakorlo-vezetes-jogositvanyosoknak\/","title":{"rendered":"Practical driving for licence holders"},"content":{"rendered":"<div data-elementor-type=\"wp-page\" data-elementor-id=\"1848\" class=\"elementor elementor-1848\" data-elementor-post-type=\"page\">\n\t\t\t\t\t\t<section class=\"elementor-section elementor-top-section elementor-element elementor-element-5e14926 elementor-reverse-mobile elementor-section-height-min-height elementor-section-boxed elementor-section-height-default elementor-section-items-middle\" data-id=\"5e14926\" data-element_type=\"section\" data-e-type=\"section\" data-settings=\"{&quot;background_background&quot;:&quot;classic&quot;}\">\n\t\t\t\t\t\t\t<div class=\"elementor-background-overlay\"><\/div>\n\t\t\t\t\t\t\t<div class=\"elementor-container elementor-column-gap-no\">\n\t\t\t\t\t<div class=\"elementor-column elementor-col-100 elementor-top-column elementor-element elementor-element-853de07\" data-id=\"853de07\" data-element_type=\"column\" data-e-type=\"column\">\n\t\t\t<div class=\"elementor-widget-wrap elementor-element-populated\">\n\t\t\t\t\t\t<div class=\"elementor-element elementor-element-0bde27a elementor-invisible elementor-widget elementor-widget-heading\" data-id=\"0bde27a\" data-element_type=\"widget\" data-e-type=\"widget\" data-settings=\"{&quot;_animation_delay&quot;:100,&quot;_animation&quot;:&quot;fadeIn&quot;}\" data-widget_type=\"heading.default\">\n\t\t\t\t<div class=\"elementor-widget-container\">\n\t\t\t\t\t<h2 class=\"elementor-heading-title elementor-size-default\">Practical driving for licence holders<\/h2>\t\t\t\t<\/div>\n\t\t\t\t<\/div>\n\t\t\t\t<div class=\"elementor-element elementor-element-1a14052 elementor-widget-divider--view-line elementor-invisible elementor-widget elementor-widget-divider\" data-id=\"1a14052\" data-element_type=\"widget\" data-e-type=\"widget\" data-settings=\"{&quot;_animation&quot;:&quot;fadeIn&quot;,&quot;_animation_delay&quot;:100}\" data-widget_type=\"divider.default\">\n\t\t\t\t<div class=\"elementor-widget-container\">\n\t\t\t\t\t\t\t<div class=\"elementor-divider\">\n\t\t\t<span class=\"elementor-divider-separator\">\n\t\t\t\t\t\t<\/span>\n\t\t<\/div>\n\t\t\t\t\t\t<\/div>\n\t\t\t\t<\/div>\n\t\t\t\t<div class=\"elementor-element elementor-element-78d8d54 elementor-widget elementor-widget-spacer\" data-id=\"78d8d54\" data-element_type=\"widget\" data-e-type=\"widget\" data-widget_type=\"spacer.default\">\n\t\t\t\t<div class=\"elementor-widget-container\">\n\t\t\t\t\t\t\t<div class=\"elementor-spacer\">\n\t\t\t<div class=\"elementor-spacer-inner\"><\/div>\n\t\t<\/div>\n\t\t\t\t\t\t<\/div>\n\t\t\t\t<\/div>\n\t\t\t\t<div class=\"elementor-element elementor-element-13501b5 elementor-widget elementor-widget-text-editor\" data-id=\"13501b5\" data-element_type=\"widget\" data-e-type=\"widget\" data-widget_type=\"text-editor.default\">\n\t\t\t\t<div class=\"elementor-widget-container\">\n\t\t\t\t\t\t\t\t\t<p>We offer you the opportunity to take practice lessons on both manual and automatic transmission cars. Importantly, all of our instructors are qualified, so you can be sure that you'll only be working with competent instructors.<\/p>\t\t\t\t\t\t\t\t<\/div>\n\t\t\t\t<\/div>\n\t\t\t\t<div class=\"elementor-element elementor-element-c789511 elementor-align-left elementor-mobile-align-center elementor-widget elementor-widget-button\" data-id=\"c789511\" data-element_type=\"widget\" data-e-type=\"widget\" id=\"back-button-gyak\" data-widget_type=\"button.default\">\n\t\t\t\t<div class=\"elementor-widget-container\">\n\t\t\t\t\t\t\t\t\t<div class=\"elementor-button-wrapper\">\n\t\t\t\t\t<a class=\"elementor-button elementor-button-link elementor-size-xs\" href=\"#\">\n\t\t\t\t\t\t<span class=\"elementor-button-content-wrapper\">\n\t\t\t\t\t\t<span class=\"elementor-button-icon\">\n\t\t\t\t<svg aria-hidden=\"true\" class=\"e-font-icon-svg e-fas-arrow-left\" viewbox=\"0 0 448 512\" xmlns=\"http:\/\/www.w3.org\/2000\/svg\"><path d=\"M257.5 445.1l-22.2 22.2c-9.4 9.4-24.6 9.4-33.9 0L7 273c-9.4-9.4-9.4-24.6 0-33.9L201.4 44.7c9.4-9.4 24.6-9.4 33.9 0l22.2 22.2c9.5 9.5 9.3 25-.4 34.3L136.6 216H424c13.3 0 24 10.7 24 24v32c0 13.3-10.7 24-24 24H136.6l120.5 114.8c9.8 9.3 10 24.8.4 34.3z\"><\/path><\/svg>\t\t\t<\/span>\n\t\t\t\t\t\t\t\t\t<span class=\"elementor-button-text\">Vissza<\/span>\n\t\t\t\t\t<\/span>\n\t\t\t\t\t<\/a>\n\t\t\t\t<\/div>\n\t\t\t\t\t\t\t\t<\/div>\n\t\t\t\t<\/div>\n\t\t\t\t<div class=\"elementor-element elementor-element-0f0292d elementor-widget elementor-widget-html\" data-id=\"0f0292d\" data-element_type=\"widget\" data-e-type=\"widget\" data-widget_type=\"html.default\">\n\t\t\t\t<div class=\"elementor-widget-container\">\n\t\t\t\t\t<script type=\"text\/javascript\">\r\n\r\njQuery(document).ready(function() {\r\n    jQuery('#back-button-gyak').on('click', function() {\r\n      window.history.go(-1);\r\n      return false;\r\n    });\r\n});\r\n\r\n<\/script>\t\t\t\t<\/div>\n\t\t\t\t<\/div>\n\t\t\t\t\t<\/div>\n\t\t<\/div>\n\t\t\t\t\t<\/div>\n\t\t<\/section>\n\t\t\t\t<\/div>","protected":false},"excerpt":{"rendered":"<p>Gyakorl\u00f3 vezet\u00e9s jogos\u00edtv\u00e1nyosoknak N\u00e1lunk lehet\u0151s\u00e9ged van gyakorl\u00f3 \u00f3r\u00e1kat venni manu\u00e1lis \u00e9s automata v\u00e1lt\u00f3s aut\u00f3n is. Fontos, hogy minden oktat\u00f3nk szakk\u00e9pes\u00edt\u00e9ssel rendelkezik, \u00edgy biztos lehetsz benne, hogy csak hozz\u00e1\u00e9rt\u0151 oktat\u00f3k foglalkoznak veled. \u00c1raj\u00e1nlataink k\u00f6z\u00f6tt tal\u00e1lsz egy komplex csomagot is, amely tartalmazza a KRESZ tud\u00e1s felfriss\u00edt\u00e9s\u00e9t seg\u00edt\u0151 tananyagot. Vissza<\/p>","protected":false},"author":3,"featured_media":0,"parent":0,"menu_order":0,"comment_status":"closed","ping_status":"closed","template":"elementor_canvas","meta":{"_monsterinsights_skip_tracking":false,"_monsterinsights_sitenote_active":false,"_monsterinsights_sitenote_note":"","_monsterinsights_sitenote_category":0,"footnotes":""},"class_list":["post-1848","page","type-page","status-publish","hentry"],"aioseo_notices":[],"rttpg_featured_image_url":null,"rttpg_author":{"display_name":"udriveau","author_link":"https:\/\/udriveautosiskola.hu\/en\/author\/udriveau\/"},"rttpg_comment":0,"rttpg_category":null,"rttpg_excerpt":"Gyakorl\u00f3 vezet\u00e9s jogos\u00edtv\u00e1nyosoknak N\u00e1lunk lehet\u0151s\u00e9ged van gyakorl\u00f3 \u00f3r\u00e1kat venni manu\u00e1lis \u00e9s automata v\u00e1lt\u00f3s aut\u00f3n is. Fontos, hogy minden oktat\u00f3nk szakk\u00e9pes\u00edt\u00e9ssel rendelkezik, \u00edgy biztos lehetsz benne, hogy csak hozz\u00e1\u00e9rt\u0151 oktat\u00f3k foglalkoznak veled. \u00c1raj\u00e1nlataink k\u00f6z\u00f6tt tal\u00e1lsz egy komplex csomagot is, amely tartalmazza a KRESZ tud\u00e1s felfriss\u00edt\u00e9s\u00e9t seg\u00edt\u0151 tananyagot. Vissza","_links":{"self":[{"href":"https:\/\/udriveautosiskola.hu\/en\/wp-json\/wp\/v2\/pages\/1848","targetHints":{"allow":["GET"]}}],"collection":[{"href":"https:\/\/udriveautosiskola.hu\/en\/wp-json\/wp\/v2\/pages"}],"about":[{"href":"https:\/\/udriveautosiskola.hu\/en\/wp-json\/wp\/v2\/types\/page"}],"author":[{"embeddable":true,"href":"https:\/\/udriveautosiskola.hu\/en\/wp-json\/wp\/v2\/users\/3"}],"replies":[{"embeddable":true,"href":"https:\/\/udriveautosiskola.hu\/en\/wp-json\/wp\/v2\/comments?post=1848"}],"version-history":[{"count":16,"href":"https:\/\/udriveautosiskola.hu\/en\/wp-json\/wp\/v2\/pages\/1848\/revisions"}],"predecessor-version":[{"id":2251,"href":"https:\/\/udriveautosiskola.hu\/en\/wp-json\/wp\/v2\/pages\/1848\/revisions\/2251"}],"wp:attachment":[{"href":"https:\/\/udriveautosiskola.hu\/en\/wp-json\/wp\/v2\/media?parent=1848"}],"curies":[{"name":"wp","href":"https:\/\/api.w.org\/{rel}","templated":true}]}}