{"id":2268,"date":"2024-07-11T07:18:57","date_gmt":"2024-07-11T07:18:57","guid":{"rendered":"https:\/\/udriveautosiskola.hu\/?page_id=2268"},"modified":"2024-07-11T07:44:31","modified_gmt":"2024-07-11T07:44:31","slug":"koszono-oldal","status":"publish","type":"page","link":"https:\/\/udriveautosiskola.hu\/en\/koszono-oldal\/","title":{"rendered":"K\u00f6sz\u00f6n\u0151 oldal"},"content":{"rendered":"<div data-elementor-type=\"wp-page\" data-elementor-id=\"2268\" class=\"elementor elementor-2268\" data-elementor-post-type=\"page\">\n\t\t\t\t\t\t<section class=\"elementor-section elementor-top-section elementor-element elementor-element-6d6dcd1d elementor-reverse-mobile elementor-section-height-min-height elementor-section-boxed elementor-section-height-default elementor-section-items-middle\" data-id=\"6d6dcd1d\" data-element_type=\"section\" data-e-type=\"section\" data-settings=\"{&quot;background_background&quot;:&quot;classic&quot;}\">\n\t\t\t\t\t\t\t<div class=\"elementor-background-overlay\"><\/div>\n\t\t\t\t\t\t\t<div class=\"elementor-container elementor-column-gap-no\">\n\t\t\t\t\t<div class=\"elementor-column elementor-col-100 elementor-top-column elementor-element elementor-element-78afb906\" data-id=\"78afb906\" data-element_type=\"column\" data-e-type=\"column\">\n\t\t\t<div class=\"elementor-widget-wrap elementor-element-populated\">\n\t\t\t\t\t\t<div class=\"elementor-element elementor-element-2b6dd9ba elementor-invisible elementor-widget elementor-widget-heading\" data-id=\"2b6dd9ba\" data-element_type=\"widget\" data-e-type=\"widget\" data-settings=\"{&quot;_animation_delay&quot;:100,&quot;_animation&quot;:&quot;fadeIn&quot;}\" data-widget_type=\"heading.default\">\n\t\t\t\t<div class=\"elementor-widget-container\">\n\t\t\t\t\t<h2 class=\"elementor-heading-title elementor-size-default\">Sikeres let\u00f6lt\u00e9s<\/h2>\t\t\t\t<\/div>\n\t\t\t\t<\/div>\n\t\t\t\t<div class=\"elementor-element elementor-element-7bc82515 elementor-widget-divider--view-line elementor-invisible elementor-widget elementor-widget-divider\" data-id=\"7bc82515\" data-element_type=\"widget\" data-e-type=\"widget\" data-settings=\"{&quot;_animation&quot;:&quot;fadeIn&quot;,&quot;_animation_delay&quot;:100}\" data-widget_type=\"divider.default\">\n\t\t\t\t<div class=\"elementor-widget-container\">\n\t\t\t\t\t\t\t<div class=\"elementor-divider\">\n\t\t\t<span class=\"elementor-divider-separator\">\n\t\t\t\t\t\t<\/span>\n\t\t<\/div>\n\t\t\t\t\t\t<\/div>\n\t\t\t\t<\/div>\n\t\t\t\t<div class=\"elementor-element elementor-element-2e3a54c6 elementor-icon-list--layout-traditional elementor-list-item-link-full_width elementor-widget elementor-widget-icon-list\" data-id=\"2e3a54c6\" data-element_type=\"widget\" data-e-type=\"widget\" data-widget_type=\"icon-list.default\">\n\t\t\t\t<div class=\"elementor-widget-container\">\n\t\t\t\t\t\t\t<ul class=\"elementor-icon-list-items\">\n\t\t\t\t\t\t\t<li class=\"elementor-icon-list-item\">\n\t\t\t\t\t\t\t\t\t\t\t<span class=\"elementor-icon-list-icon\">\n\t\t\t\t\t\t\t<svg aria-hidden=\"true\" class=\"e-font-icon-svg e-fas-heart\" viewbox=\"0 0 512 512\" xmlns=\"http:\/\/www.w3.org\/2000\/svg\"><path d=\"M462.3 62.6C407.5 15.9 326 24.3 275.7 76.2L256 96.5l-19.7-20.3C186.1 24.3 104.5 15.9 49.7 62.6c-62.8 53.6-66.1 149.8-9.9 207.9l193.5 199.8c12.5 12.9 32.8 12.9 45.3 0l193.5-199.8c56.3-58.1 53-154.3-9.8-207.9z\"><\/path><\/svg>\t\t\t\t\t\t<\/span>\n\t\t\t\t\t\t\t\t\t\t<span class=\"elementor-icon-list-text\"><b>Gratul\u00e1lunk!<\/b><\/span>\n\t\t\t\t\t\t\t\t\t<\/li>\n\t\t\t\t\t\t<\/ul>\n\t\t\t\t\t\t<\/div>\n\t\t\t\t<\/div>\n\t\t\t\t<div class=\"elementor-element elementor-element-4ee42c3f elementor-widget elementor-widget-spacer\" data-id=\"4ee42c3f\" data-element_type=\"widget\" data-e-type=\"widget\" data-widget_type=\"spacer.default\">\n\t\t\t\t<div class=\"elementor-widget-container\">\n\t\t\t\t\t\t\t<div class=\"elementor-spacer\">\n\t\t\t<div class=\"elementor-spacer-inner\"><\/div>\n\t\t<\/div>\n\t\t\t\t\t\t<\/div>\n\t\t\t\t<\/div>\n\t\t\t\t<div class=\"elementor-element elementor-element-172596b4 elementor-widget elementor-widget-text-editor\" data-id=\"172596b4\" data-element_type=\"widget\" data-e-type=\"widget\" data-widget_type=\"text-editor.default\">\n\t\t\t\t<div class=\"elementor-widget-container\">\n\t\t\t\t\t\t\t\t\t<p>Hamarosan megkapod az \u00e1ltalad is megadott <strong>e-mail c\u00edmre<\/strong> a seg\u00e9dletet.<br \/>K\u00f6sz\u00f6nj\u00fck, hogy bizalmat szavazt\u00e1l nek\u00fcnk, \u00e9s let\u00f6lt\u00f6tted az anyagunkat!<br \/>Ez csup\u00e1n az els\u0151 l\u00e9p\u00e9s volt a k\u00f6z\u00f6s utunkon, \u00e9s enn\u00e9l m\u00e9g sokkal t\u00f6bbet tudunk ny\u00fajtani neked.<\/p>\t\t\t\t\t\t\t\t<\/div>\n\t\t\t\t<\/div>\n\t\t\t\t\t<\/div>\n\t\t<\/div>\n\t\t\t\t\t<\/div>\n\t\t<\/section>\n\t\t\t\t<\/div>","protected":false},"excerpt":{"rendered":"<p>Sikeres let\u00f6lt\u00e9s Gratul\u00e1lunk! Hamarosan megkapod az \u00e1ltalad is megadott e-mail c\u00edmre a seg\u00e9dletet.K\u00f6sz\u00f6nj\u00fck, hogy bizalmat szavazt\u00e1l nek\u00fcnk, \u00e9s let\u00f6lt\u00f6tted az anyagunkat!Ez csup\u00e1n az els\u0151 l\u00e9p\u00e9s volt a k\u00f6z\u00f6s utunkon, \u00e9s enn\u00e9l m\u00e9g sokkal t\u00f6bbet tudunk ny\u00fajtani neked.<\/p>","protected":false},"author":3,"featured_media":0,"parent":0,"menu_order":0,"comment_status":"closed","ping_status":"closed","template":"elementor_header_footer","meta":{"_monsterinsights_skip_tracking":false,"_monsterinsights_sitenote_active":false,"_monsterinsights_sitenote_note":"","_monsterinsights_sitenote_category":0,"footnotes":""},"class_list":["post-2268","page","type-page","status-publish","hentry"],"aioseo_notices":[],"rttpg_featured_image_url":null,"rttpg_author":{"display_name":"udriveau","author_link":"https:\/\/udriveautosiskola.hu\/en\/author\/udriveau\/"},"rttpg_comment":0,"rttpg_category":null,"rttpg_excerpt":"Sikeres let\u00f6lt\u00e9s Gratul\u00e1lunk! Hamarosan megkapod az \u00e1ltalad is megadott e-mail c\u00edmre a seg\u00e9dletet.K\u00f6sz\u00f6nj\u00fck, hogy bizalmat szavazt\u00e1l nek\u00fcnk, \u00e9s let\u00f6lt\u00f6tted az anyagunkat!Ez csup\u00e1n az els\u0151 l\u00e9p\u00e9s volt a k\u00f6z\u00f6s utunkon, \u00e9s enn\u00e9l m\u00e9g sokkal t\u00f6bbet tudunk ny\u00fajtani neked.","_links":{"self":[{"href":"https:\/\/udriveautosiskola.hu\/en\/wp-json\/wp\/v2\/pages\/2268","targetHints":{"allow":["GET"]}}],"collection":[{"href":"https:\/\/udriveautosiskola.hu\/en\/wp-json\/wp\/v2\/pages"}],"about":[{"href":"https:\/\/udriveautosiskola.hu\/en\/wp-json\/wp\/v2\/types\/page"}],"author":[{"embeddable":true,"href":"https:\/\/udriveautosiskola.hu\/en\/wp-json\/wp\/v2\/users\/3"}],"replies":[{"embeddable":true,"href":"https:\/\/udriveautosiskola.hu\/en\/wp-json\/wp\/v2\/comments?post=2268"}],"version-history":[{"count":22,"href":"https:\/\/udriveautosiskola.hu\/en\/wp-json\/wp\/v2\/pages\/2268\/revisions"}],"predecessor-version":[{"id":2308,"href":"https:\/\/udriveautosiskola.hu\/en\/wp-json\/wp\/v2\/pages\/2268\/revisions\/2308"}],"wp:attachment":[{"href":"https:\/\/udriveautosiskola.hu\/en\/wp-json\/wp\/v2\/media?parent=2268"}],"curies":[{"name":"wp","href":"https:\/\/api.w.org\/{rel}","templated":true}]}}