{"id":3193,"date":"2025-04-03T07:33:32","date_gmt":"2025-04-03T07:33:32","guid":{"rendered":"https:\/\/udriveautosiskola.hu\/?page_id=3193"},"modified":"2026-04-13T18:28:03","modified_gmt":"2026-04-13T18:28:03","slug":"a1b-kategoria","status":"publish","type":"page","link":"https:\/\/udriveautosiskola.hu\/en\/a1b-kategoria\/","title":{"rendered":"A1(B) Kateg\u00f3ria"},"content":{"rendered":"<div data-elementor-type=\"wp-page\" data-elementor-id=\"3193\" class=\"elementor elementor-3193\" data-elementor-post-type=\"page\">\n\t\t\t\t\t\t<\/div>","protected":false},"excerpt":{"rendered":"<p>\u201eA1(B)\u201d kateg\u00f3ri\u00e1s jogos\u00edtv\u00e1ny Milyen j\u00e1rm\u0171veket vezethetek \u201eA1\u201d kateg\u00f3ri\u00e1s jogos\u00edtv\u00e1nnyal? \u201eA1\u201d alkateg\u00f3ri\u00e1val olyan motorker\u00e9kp\u00e1rt, amelynek henger\u0171rtartalma a 125 cm3-t, teljes\u00edtm\u00e9nye a 11 kW-ot teljes\u00edtm\u00e9ny\/t\u00f6meg ar\u00e1nya pedig a 0,1 kW\/kg-ot nem haladja meg, tov\u00e1bb\u00e1 olyan motoros triciklit, amelynek teljes\u00edtm\u00e9nye a 15 kW-ot nem haladja meg. A jelentkez\u00e9s felt\u00e9telei: \u00c9rv\u00e9nyes szem\u00e9lyazonos\u00edt\u00f3 okm\u00e1ny \u00e9s lakc\u00edmk\u00e1rtya Legal\u00e1bb alapfok\u00fa iskolai v\u00e9gzetts\u00e9g [&hellip;]<\/p>","protected":false},"author":3,"featured_media":0,"parent":0,"menu_order":0,"comment_status":"closed","ping_status":"closed","template":"elementor_header_footer","meta":{"_monsterinsights_skip_tracking":false,"_monsterinsights_sitenote_active":false,"_monsterinsights_sitenote_note":"","_monsterinsights_sitenote_category":0,"footnotes":""},"class_list":["post-3193","page","type-page","status-publish","hentry"],"aioseo_notices":[],"rttpg_featured_image_url":null,"rttpg_author":{"display_name":"udriveau","author_link":"https:\/\/udriveautosiskola.hu\/en\/author\/udriveau\/"},"rttpg_comment":0,"rttpg_category":null,"rttpg_excerpt":"\u201eA1(B)\u201d kateg\u00f3ri\u00e1s jogos\u00edtv\u00e1ny Milyen j\u00e1rm\u0171veket vezethetek \u201eA1\u201d kateg\u00f3ri\u00e1s jogos\u00edtv\u00e1nnyal? \u201eA1\u201d alkateg\u00f3ri\u00e1val olyan motorker\u00e9kp\u00e1rt, amelynek henger\u0171rtartalma a 125 cm3-t, teljes\u00edtm\u00e9nye a 11 kW-ot teljes\u00edtm\u00e9ny\/t\u00f6meg ar\u00e1nya pedig a 0,1 kW\/kg-ot nem haladja meg, tov\u00e1bb\u00e1 olyan motoros triciklit, amelynek teljes\u00edtm\u00e9nye a 15 kW-ot nem haladja meg. A jelentkez\u00e9s felt\u00e9telei: \u00c9rv\u00e9nyes szem\u00e9lyazonos\u00edt\u00f3 okm\u00e1ny \u00e9s lakc\u00edmk\u00e1rtya Legal\u00e1bb alapfok\u00fa iskolai v\u00e9gzetts\u00e9g&hellip;","_links":{"self":[{"href":"https:\/\/udriveautosiskola.hu\/en\/wp-json\/wp\/v2\/pages\/3193","targetHints":{"allow":["GET"]}}],"collection":[{"href":"https:\/\/udriveautosiskola.hu\/en\/wp-json\/wp\/v2\/pages"}],"about":[{"href":"https:\/\/udriveautosiskola.hu\/en\/wp-json\/wp\/v2\/types\/page"}],"author":[{"embeddable":true,"href":"https:\/\/udriveautosiskola.hu\/en\/wp-json\/wp\/v2\/users\/3"}],"replies":[{"embeddable":true,"href":"https:\/\/udriveautosiskola.hu\/en\/wp-json\/wp\/v2\/comments?post=3193"}],"version-history":[{"count":67,"href":"https:\/\/udriveautosiskola.hu\/en\/wp-json\/wp\/v2\/pages\/3193\/revisions"}],"predecessor-version":[{"id":4189,"href":"https:\/\/udriveautosiskola.hu\/en\/wp-json\/wp\/v2\/pages\/3193\/revisions\/4189"}],"wp:attachment":[{"href":"https:\/\/udriveautosiskola.hu\/en\/wp-json\/wp\/v2\/media?parent=3193"}],"curies":[{"name":"wp","href":"https:\/\/api.w.org\/{rel}","templated":true}]}}