{"id":3219,"date":"2025-04-03T08:29:45","date_gmt":"2025-04-03T08:29:45","guid":{"rendered":"https:\/\/udriveautosiskola.hu\/?page_id=3219"},"modified":"2026-04-13T18:26:46","modified_gmt":"2026-04-13T18:26:46","slug":"a-kategoria","status":"publish","type":"page","link":"https:\/\/udriveautosiskola.hu\/en\/a-kategoria\/","title":{"rendered":"A Kateg\u00f3ria"},"content":{"rendered":"<div data-elementor-type=\"wp-page\" data-elementor-id=\"3219\" class=\"elementor elementor-3219\" data-elementor-post-type=\"page\">\n\t\t\t\t\t\t<\/div>","protected":false},"excerpt":{"rendered":"<p>\u201eA\u201d kateg\u00f3ri\u00e1s jogos\u00edtv\u00e1ny Milyen j\u00e1rm\u0171veket vezethetek \u201eA\u201d kateg\u00f3ri\u00e1s jogos\u00edtv\u00e1nnyal? \u201eA\u201d kateg\u00f3ri\u00e1ra \u00e9rv\u00e9nyes\u00edtett vezet\u0151i enged\u00e9llyel minden motorker\u00e9kp\u00e1r vezet\u00e9s\u00e9re jogosult vagy. A jelentkez\u00e9s felt\u00e9telei: \u00c9rv\u00e9nyes szem\u00e9lyazonos\u00edt\u00f3 okm\u00e1ny \u00e9s lakc\u00edmk\u00e1rtya Legal\u00e1bb alapfok\u00fa iskolai v\u00e9gzetts\u00e9g \u00c9rv\u00e9nyes orvosi alkalmass\u00e1gi (nem sz\u00fcks\u00e9ges, amennyiben orvosi \u00e9rv\u00e9nyess\u00e9ghez k\u00f6t\u00f6tt, \u00e9rv\u00e9nyes vezet\u0151i enged\u00e9lyed van) Bet\u00f6lt\u00f6tt legal\u00e1bb 23 \u00e9v 6 h\u00f3napos \u00e9letkor, vagy bet\u00f6lt\u00f6tt 20 \u00e9ves [&hellip;]<\/p>","protected":false},"author":3,"featured_media":0,"parent":0,"menu_order":0,"comment_status":"closed","ping_status":"closed","template":"elementor_header_footer","meta":{"_monsterinsights_skip_tracking":false,"_monsterinsights_sitenote_active":false,"_monsterinsights_sitenote_note":"","_monsterinsights_sitenote_category":0,"footnotes":""},"class_list":["post-3219","page","type-page","status-publish","hentry"],"aioseo_notices":[],"rttpg_featured_image_url":null,"rttpg_author":{"display_name":"udriveau","author_link":"https:\/\/udriveautosiskola.hu\/en\/author\/udriveau\/"},"rttpg_comment":0,"rttpg_category":null,"rttpg_excerpt":"\u201eA\u201d kateg\u00f3ri\u00e1s jogos\u00edtv\u00e1ny Milyen j\u00e1rm\u0171veket vezethetek \u201eA\u201d kateg\u00f3ri\u00e1s jogos\u00edtv\u00e1nnyal? \u201eA\u201d kateg\u00f3ri\u00e1ra \u00e9rv\u00e9nyes\u00edtett vezet\u0151i enged\u00e9llyel minden motorker\u00e9kp\u00e1r vezet\u00e9s\u00e9re jogosult vagy. A jelentkez\u00e9s felt\u00e9telei: \u00c9rv\u00e9nyes szem\u00e9lyazonos\u00edt\u00f3 okm\u00e1ny \u00e9s lakc\u00edmk\u00e1rtya Legal\u00e1bb alapfok\u00fa iskolai v\u00e9gzetts\u00e9g \u00c9rv\u00e9nyes orvosi alkalmass\u00e1gi (nem sz\u00fcks\u00e9ges, amennyiben orvosi \u00e9rv\u00e9nyess\u00e9ghez k\u00f6t\u00f6tt, \u00e9rv\u00e9nyes vezet\u0151i enged\u00e9lyed van) Bet\u00f6lt\u00f6tt legal\u00e1bb 23 \u00e9v 6 h\u00f3napos \u00e9letkor, vagy bet\u00f6lt\u00f6tt 20 \u00e9ves&hellip;","_links":{"self":[{"href":"https:\/\/udriveautosiskola.hu\/en\/wp-json\/wp\/v2\/pages\/3219","targetHints":{"allow":["GET"]}}],"collection":[{"href":"https:\/\/udriveautosiskola.hu\/en\/wp-json\/wp\/v2\/pages"}],"about":[{"href":"https:\/\/udriveautosiskola.hu\/en\/wp-json\/wp\/v2\/types\/page"}],"author":[{"embeddable":true,"href":"https:\/\/udriveautosiskola.hu\/en\/wp-json\/wp\/v2\/users\/3"}],"replies":[{"embeddable":true,"href":"https:\/\/udriveautosiskola.hu\/en\/wp-json\/wp\/v2\/comments?post=3219"}],"version-history":[{"count":58,"href":"https:\/\/udriveautosiskola.hu\/en\/wp-json\/wp\/v2\/pages\/3219\/revisions"}],"predecessor-version":[{"id":4183,"href":"https:\/\/udriveautosiskola.hu\/en\/wp-json\/wp\/v2\/pages\/3219\/revisions\/4183"}],"wp:attachment":[{"href":"https:\/\/udriveautosiskola.hu\/en\/wp-json\/wp\/v2\/media?parent=3219"}],"curies":[{"name":"wp","href":"https:\/\/api.w.org\/{rel}","templated":true}]}}